{"id":2086,"date":"2016-11-03T15:20:03","date_gmt":"2016-11-03T15:20:03","guid":{"rendered":"https:\/\/apps.infogt2000.com\/abclogistique\/en\/certificats\/"},"modified":"2018-02-06T22:18:05","modified_gmt":"2018-02-06T21:18:05","slug":"certificates","status":"publish","type":"page","link":"https:\/\/www.abclogistique.com\/en\/certificates\/","title":{"rendered":"ABC Logistique &#8211; Certificates"},"content":{"rendered":"<p>[vc_row][vc_column][vc_empty_space hide_on_mobile=&#8221;&#8221;][vc_empty_space hide_on_mobile=&#8221;&#8221;][vc_custom_heading text=&#8221;Permits and Insurance&#8221; font_container=&#8221;tag:h1|text_align:center&#8221; use_theme_fonts=&#8221;yes&#8221;][vc_empty_space hide_on_mobile=&#8221;&#8221;][vc_row_inner][vc_column_inner width=&#8221;1\/12&#8243;][\/vc_column_inner][vc_column_inner width=&#8221;5\/12&#8243;][vc_column_text]<strong><span style=\"font-family: Arial, Helvetica, sans-serif;\">(Insurance, Secured Bonds, Membership)<\/span><\/strong><\/p>\n<p><span style=\"font-family: Arial, Helvetica, sans-serif;\"><strong>Burrowes<\/strong><\/span><br \/>\n<span style=\"font-family: Arial, Helvetica, sans-serif;\"><strong>Insurance broker<\/strong><\/span><span style=\"font-family: Arial, Helvetica, sans-serif;\"><strong><br \/>\n<\/strong><\/span>Contingency Cargo Insurance of $250,000. CA funds<br \/>\nContact: J\u00e9r\u00f4me T\u00e9treault<br \/>\nPhone: 450-655-6751 poste 240<br \/>\nWeb Site: <a href=\"http:\/\/www.burrowes.ca\/\" target=\"_blank\" rel=\"noopener\">www.burrowes.com<\/a><br \/>\ntetreault.jerome@burrowes.ca<br \/>\nDocument :\u00a0<a href=\"http:\/\/www.abclogistique.com\/wp-content\/uploads\/2018\/01\/Certificat-ABC-Logistique-Inc.-2017-2018.pdf\" target=\"_blank\" rel=\"noopener\">Certificate<\/a>[\/vc_column_text][\/vc_column_inner][vc_column_inner width=&#8221;5\/12&#8243;][vc_single_image image=&#8221;2063&#8243; img_size=&#8221;medium&#8221; onclick=&#8221;custom_link&#8221; img_link_target=&#8221;_blank&#8221; link=&#8221;http:\/\/www.abclogistique.com\/wp-content\/uploads\/2018\/01\/Certificat-ABC-Logistique-Inc.-2017-2018.pdf&#8221;][\/vc_column_inner][vc_column_inner width=&#8221;1\/12&#8243;][\/vc_column_inner][\/vc_row_inner][vc_separator style=&#8221;dashed&#8221;][vc_row_inner][vc_column_inner width=&#8221;1\/12&#8243;][\/vc_column_inner][vc_column_inner width=&#8221;5\/12&#8243;][vc_column_text]<span style=\"font-family: Arial, Helvetica, sans-serif;\"><strong>CTQ (Transport Comission of Quebec)<\/strong><br \/>\nMembership #\u00a0: 6-M-30785-I<br \/>\nPhone.\u00a0: 514.873.6424\u00a0\u00a0 Toll free.\u00a0: 888.461.2433<br \/>\nWeb Site\u00a0: <a href=\"https:\/\/www.ctq.gouv.qc.ca\" target=\"_blank\" rel=\"noopener\">https:\/\/www.ctq.gouv.qc.ca<\/a><br \/>\nDocument\u00a0: <\/span><a href=\"http:\/\/www.abclogistique.com\/wp-content\/uploads\/2016\/11\/COR_AVINSCRINT_170619153815709.pdf\" target=\"_blank\" rel=\"noopener\">Broker certificate<\/a>[\/vc_column_text][\/vc_column_inner][vc_column_inner width=&#8221;5\/12&#8243;][vc_single_image image=&#8221;2009&#8243; img_size=&#8221;medium&#8221; onclick=&#8221;custom_link&#8221; img_link_target=&#8221;_blank&#8221; link=&#8221;http:\/\/www.abclogistique.com\/wp-content\/uploads\/2016\/11\/COR_AVINSCRINT_170619153815709.pdf&#8221;][\/vc_column_inner][vc_column_inner width=&#8221;1\/12&#8243;][\/vc_column_inner][\/vc_row_inner][vc_separator style=&#8221;dashed&#8221;][vc_row_inner][vc_column_inner width=&#8221;1\/12&#8243;][\/vc_column_inner][vc_column_inner width=&#8221;5\/12&#8243;][vc_column_text]<span style=\"font-family: Arial, Helvetica, sans-serif;\"><strong>FHWA (Federal Highway Administration)<\/strong><br \/>\nU.S Department of transportation<br \/>\nLicence : MC-365406-B<br \/>\nWeb Site : <a href=\"http:\/\/www.fhwa.dot.gov\/\" target=\"_blank\" rel=\"noopener\">www.fhwa.dot.gov<\/a><br \/>\nDocument : <a href=\"http:\/\/www.abclogistique.com\/wp-content\/uploads\/2018\/02\/abc-fedhighway.pdf\" target=\"_blank\" rel=\"noopener\">Certificate<\/a><\/span>[\/vc_column_text][\/vc_column_inner][vc_column_inner width=&#8221;5\/12&#8243;][vc_single_image image=&#8221;2024&#8243; img_size=&#8221;medium&#8221; onclick=&#8221;custom_link&#8221; img_link_target=&#8221;_blank&#8221; link=&#8221;http:\/\/www.abclogistique.com\/wp-content\/uploads\/2018\/02\/abc-fedhighway.pdf&#8221;][\/vc_column_inner][vc_column_inner width=&#8221;1\/12&#8243;][\/vc_column_inner][\/vc_row_inner][vc_separator style=&#8221;dashed&#8221;][vc_row_inner][vc_column_inner width=&#8221;1\/12&#8243;][\/vc_column_inner][vc_column_inner width=&#8221;5\/12&#8243;][vc_column_text]<span style=\"font-family: Arial, Helvetica, sans-serif;\"><strong>PFA (Pacific Financial Association Inc)<\/strong><br \/>\nSecurity Bond of $75,000.00 US funds (BMC-85)<br \/>\nPhone : (480) 905-1818<br \/>\nToll free : (877) 905-1818<br \/>\nfax : (480) 905-3249<br \/>\nWeb Site : <a href=\"http:\/\/www.pac-fin.com\/\" target=\"_blank\" rel=\"noopener\">www.pac-fin.com<\/a><br \/>\nDocument :\u00a0<a href=\"http:\/\/www.abclogistique.com\/wp-content\/uploads\/2016\/11\/FORM-BMC-85.pdf\" target=\"_blank\" rel=\"noopener\">Certificate<\/a><\/span>[\/vc_column_text][\/vc_column_inner][vc_column_inner width=&#8221;5\/12&#8243;][vc_single_image image=&#8221;2025&#8243; img_size=&#8221;medium&#8221; onclick=&#8221;custom_link&#8221; img_link_target=&#8221;_blank&#8221; link=&#8221;http:\/\/www.abclogistique.com\/wp-content\/uploads\/2016\/11\/FORM-BMC-85.pdf&#8221;][\/vc_column_inner][vc_column_inner width=&#8221;1\/12&#8243;][\/vc_column_inner][\/vc_row_inner][\/vc_column][\/vc_row][vc_row content_placement=&#8221;top&#8221;][vc_column]<div  id=\"sc_promo_1249962729\" \n\tclass=\"sc_promo sc_promo_default sc_promo_size_large sc_promo_no_paddings sc_promo_no_image\"><div class=\"sc_promo_text\" style=\"width: 100%;\">\n\t\t\t<div class=\"sc_promo_text_inner\" style=\"\"><div class=\"sc_promo_content sc_item_content\">[vc_row_inner][vc_column_inner width=&#8221;1\/2&#8243;][\/vc_column_inner][vc_column_inner width=&#8221;1\/2&#8243;][\/vc_column_inner][\/vc_row_inner][vc_empty_space height=&#8221;&#8221; alter_height=&#8221;small&#8221; hide_on_mobile=&#8221;&#8221;]<\/div><\/div>\n\t\t<\/div><!-- \/.sc_promo_text --><\/div><!-- \/.sc_promo -->[vc_separator style=&#8221;dashed&#8221;][vc_column_text]<span lang=\"en-CA\">The above certificates is our legal authorities and additional guarantees for our base of operations.<\/span><\/p>\n<p><span style=\"color: #ff0000;\">Terms and conditions<\/span><\/p>\n<p>By using our services; Customers agree to use the following terms and conditions by <strong>ABC Logistique Inc<\/strong>. These terms and conditions govern all shipments for which <strong>ABC Logistique Inc<\/strong> arranges transportation for any shipper, consignor, consignee, beneficial owner and any other party using <strong>ABC Logistique\u2019s<\/strong> services. Customer ackowledges that <strong>ABC Logistique<\/strong> is a broker and not the actual carrier.<\/p>\n<p>In the event of a claim, <strong>ABC Logistique Inc<\/strong> will not be held liable for any type of claims, including without limitation, cargo claims, property damage claims, or personal injury claims. Unless specified when quoting that there is a high value for your shipment, our quotes are for the transport cost only and no additional high value will be accepted once the shipment is picked up. With that being said , carriers liability is $2.00 per pound as are indicated on our rate quotes. <strong>All freight bills, including a disputed invoice must be paid, no off set or holding back of outstanding invoices will be accepted. ABC Logistique Inc<\/strong>, may help to produce the claim on the customers behalf but is not responsible for the payment of said claim, that will be up to the carriers insurance company. In the event that the carriers insurance company defaults on the coverage, our cargo contingency insurance will insure up to the maximum liability coverage.[\/vc_column_text][vc_empty_space height=&#8221;&#8221; alter_height=&#8221;small&#8221; hide_on_mobile=&#8221;&#8221;][\/vc_column][\/vc_row]<\/p>\n","protected":false},"excerpt":{"rendered":"<p>[vc_row][vc_column][vc_empty_space hide_on_mobile=&#8221;&#8221;][vc_empty_space hide_on_mobile=&#8221;&#8221;][vc_custom_heading text=&#8221;Permits and Insurance&#8221; font_container=&#8221;tag:h1|text_align:center&#8221; use_theme_fonts=&#8221;yes&#8221;][vc_empty_space hide_on_mobile=&#8221;&#8221;][vc_row_inner][vc_column_inner width=&#8221;1\/12&#8243;][\/vc_column_inner][vc_column_inner width=&#8221;5\/12&#8243;][vc_column_text](Insurance, Secured Bonds, Membership) Burrowes Insurance broker Contingency Cargo Insurance of $250,000. CA funds Contact: J\u00e9r\u00f4me T\u00e9treault Phone: 450-655-6751 poste 240 Web Site: www.burrowes.com tetreault.jerome@burrowes.ca Document :\u00a0Certificate[\/vc_column_text][\/vc_column_inner][vc_column_inner width=&#8221;5\/12&#8243;][vc_single_image image=&#8221;2063&#8243; img_size=&#8221;medium&#8221; onclick=&#8221;custom_link&#8221; img_link_target=&#8221;_blank&#8221; link=&#8221;http:\/\/www.abclogistique.com\/wp-content\/uploads\/2018\/01\/Certificat-ABC-Logistique-Inc.-2017-2018.pdf&#8221;][\/vc_column_inner][vc_column_inner width=&#8221;1\/12&#8243;][\/vc_column_inner][\/vc_row_inner][vc_separator style=&#8221;dashed&#8221;][vc_row_inner][vc_column_inner width=&#8221;1\/12&#8243;][\/vc_column_inner][vc_column_inner width=&#8221;5\/12&#8243;][vc_column_text]CTQ (Transport Comission of Quebec) Membership #\u00a0: 6-M-30785-I Phone.\u00a0: 514.873.6424\u00a0\u00a0 Toll free.\u00a0: 888.461.2433 Web&hellip;<\/p>\n","protected":false},"author":2,"featured_media":0,"parent":0,"menu_order":0,"comment_status":"closed","ping_status":"closed","template":"","meta":[],"yoast_head":"<!-- This site is optimized with the Yoast SEO plugin v19.6 - https:\/\/yoast.com\/wordpress\/plugins\/seo\/ -->\n<title>Permit &amp; Insurance | ABC Logistique<\/title>\n<meta name=\"robots\" content=\"index, follow, max-snippet:-1, max-image-preview:large, max-video-preview:-1\" \/>\n<link rel=\"canonical\" href=\"https:\/\/www.abclogistique.com\/en\/certificates\/\" \/>\n<meta property=\"og:locale\" content=\"en_US\" \/>\n<meta property=\"og:type\" content=\"article\" \/>\n<meta property=\"og:title\" content=\"Permit &amp; Insurance | ABC Logistique\" \/>\n<meta property=\"og:description\" content=\"[vc_row][vc_column][vc_empty_space hide_on_mobile=&#8221;&#8221;][vc_empty_space hide_on_mobile=&#8221;&#8221;][vc_custom_heading text=&#8221;Permits and Insurance&#8221; font_container=&#8221;tag:h1|text_align:center&#8221; use_theme_fonts=&#8221;yes&#8221;][vc_empty_space hide_on_mobile=&#8221;&#8221;][vc_row_inner][vc_column_inner width=&#8221;1\/12&#8243;][\/vc_column_inner][vc_column_inner width=&#8221;5\/12&#8243;][vc_column_text](Insurance, Secured Bonds, Membership) Burrowes Insurance broker Contingency Cargo Insurance of $250,000. CA funds Contact: J\u00e9r\u00f4me T\u00e9treault Phone: 450-655-6751 poste 240 Web Site: www.burrowes.com tetreault.jerome@burrowes.ca Document :\u00a0Certificate[\/vc_column_text][\/vc_column_inner][vc_column_inner width=&#8221;5\/12&#8243;][vc_single_image image=&#8221;2063&#8243; img_size=&#8221;medium&#8221; onclick=&#8221;custom_link&#8221; img_link_target=&#8221;_blank&#8221; link=&#8221;http:\/\/www.abclogistique.com\/wp-content\/uploads\/2018\/01\/Certificat-ABC-Logistique-Inc.-2017-2018.pdf&#8221;][\/vc_column_inner][vc_column_inner width=&#8221;1\/12&#8243;][\/vc_column_inner][\/vc_row_inner][vc_separator style=&#8221;dashed&#8221;][vc_row_inner][vc_column_inner width=&#8221;1\/12&#8243;][\/vc_column_inner][vc_column_inner width=&#8221;5\/12&#8243;][vc_column_text]CTQ (Transport Comission of Quebec) Membership #\u00a0: 6-M-30785-I Phone.\u00a0: 514.873.6424\u00a0\u00a0 Toll free.\u00a0: 888.461.2433 Web&hellip;\" \/>\n<meta property=\"og:url\" content=\"https:\/\/www.abclogistique.com\/en\/certificates\/\" \/>\n<meta property=\"og:site_name\" content=\"ABC Logistique\" \/>\n<meta property=\"article:modified_time\" content=\"2018-02-06T21:18:05+00:00\" \/>\n<meta name=\"twitter:card\" content=\"summary_large_image\" \/>\n<meta name=\"twitter:label1\" content=\"Est. reading time\" \/>\n\t<meta name=\"twitter:data1\" content=\"4 minutes\" \/>\n<script type=\"application\/ld+json\" class=\"yoast-schema-graph\">{\"@context\":\"https:\/\/schema.org\",\"@graph\":[{\"@type\":\"WebPage\",\"@id\":\"https:\/\/www.abclogistique.com\/en\/certificates\/\",\"url\":\"https:\/\/www.abclogistique.com\/en\/certificates\/\",\"name\":\"Permit & Insurance | ABC Logistique\",\"isPartOf\":{\"@id\":\"https:\/\/www.abclogistique.com\/#website\"},\"datePublished\":\"2016-11-03T15:20:03+00:00\",\"dateModified\":\"2018-02-06T21:18:05+00:00\",\"breadcrumb\":{\"@id\":\"https:\/\/www.abclogistique.com\/en\/certificates\/#breadcrumb\"},\"inLanguage\":\"en-EN\",\"potentialAction\":[{\"@type\":\"ReadAction\",\"target\":[\"https:\/\/www.abclogistique.com\/en\/certificates\/\"]}]},{\"@type\":\"BreadcrumbList\",\"@id\":\"https:\/\/www.abclogistique.com\/en\/certificates\/#breadcrumb\",\"itemListElement\":[{\"@type\":\"ListItem\",\"position\":1,\"name\":\"Accueil\",\"item\":\"https:\/\/www.abclogistique.com\/en\/\"},{\"@type\":\"ListItem\",\"position\":2,\"name\":\"ABC Logistique &#8211; Certificates\"}]},{\"@type\":\"WebSite\",\"@id\":\"https:\/\/www.abclogistique.com\/#website\",\"url\":\"https:\/\/www.abclogistique.com\/\",\"name\":\"ABC Logistique\",\"description\":\"\",\"potentialAction\":[{\"@type\":\"SearchAction\",\"target\":{\"@type\":\"EntryPoint\",\"urlTemplate\":\"https:\/\/www.abclogistique.com\/?s={search_term_string}\"},\"query-input\":\"required name=search_term_string\"}],\"inLanguage\":\"en-EN\"}]}<\/script>\n<!-- \/ Yoast SEO plugin. -->","yoast_head_json":{"title":"Permit & Insurance | ABC Logistique","robots":{"index":"index","follow":"follow","max-snippet":"max-snippet:-1","max-image-preview":"max-image-preview:large","max-video-preview":"max-video-preview:-1"},"canonical":"https:\/\/www.abclogistique.com\/en\/certificates\/","og_locale":"en_US","og_type":"article","og_title":"Permit & Insurance | ABC Logistique","og_description":"[vc_row][vc_column][vc_empty_space hide_on_mobile=&#8221;&#8221;][vc_empty_space hide_on_mobile=&#8221;&#8221;][vc_custom_heading text=&#8221;Permits and Insurance&#8221; font_container=&#8221;tag:h1|text_align:center&#8221; use_theme_fonts=&#8221;yes&#8221;][vc_empty_space hide_on_mobile=&#8221;&#8221;][vc_row_inner][vc_column_inner width=&#8221;1\/12&#8243;][\/vc_column_inner][vc_column_inner width=&#8221;5\/12&#8243;][vc_column_text](Insurance, Secured Bonds, Membership) Burrowes Insurance broker Contingency Cargo Insurance of $250,000. CA funds Contact: J\u00e9r\u00f4me T\u00e9treault Phone: 450-655-6751 poste 240 Web Site: www.burrowes.com tetreault.jerome@burrowes.ca Document :\u00a0Certificate[\/vc_column_text][\/vc_column_inner][vc_column_inner width=&#8221;5\/12&#8243;][vc_single_image image=&#8221;2063&#8243; img_size=&#8221;medium&#8221; onclick=&#8221;custom_link&#8221; img_link_target=&#8221;_blank&#8221; link=&#8221;http:\/\/www.abclogistique.com\/wp-content\/uploads\/2018\/01\/Certificat-ABC-Logistique-Inc.-2017-2018.pdf&#8221;][\/vc_column_inner][vc_column_inner width=&#8221;1\/12&#8243;][\/vc_column_inner][\/vc_row_inner][vc_separator style=&#8221;dashed&#8221;][vc_row_inner][vc_column_inner width=&#8221;1\/12&#8243;][\/vc_column_inner][vc_column_inner width=&#8221;5\/12&#8243;][vc_column_text]CTQ (Transport Comission of Quebec) Membership #\u00a0: 6-M-30785-I Phone.\u00a0: 514.873.6424\u00a0\u00a0 Toll free.\u00a0: 888.461.2433 Web&hellip;","og_url":"https:\/\/www.abclogistique.com\/en\/certificates\/","og_site_name":"ABC Logistique","article_modified_time":"2018-02-06T21:18:05+00:00","twitter_card":"summary_large_image","twitter_misc":{"Est. reading time":"4 minutes"},"schema":{"@context":"https:\/\/schema.org","@graph":[{"@type":"WebPage","@id":"https:\/\/www.abclogistique.com\/en\/certificates\/","url":"https:\/\/www.abclogistique.com\/en\/certificates\/","name":"Permit & Insurance | ABC Logistique","isPartOf":{"@id":"https:\/\/www.abclogistique.com\/#website"},"datePublished":"2016-11-03T15:20:03+00:00","dateModified":"2018-02-06T21:18:05+00:00","breadcrumb":{"@id":"https:\/\/www.abclogistique.com\/en\/certificates\/#breadcrumb"},"inLanguage":"en-EN","potentialAction":[{"@type":"ReadAction","target":["https:\/\/www.abclogistique.com\/en\/certificates\/"]}]},{"@type":"BreadcrumbList","@id":"https:\/\/www.abclogistique.com\/en\/certificates\/#breadcrumb","itemListElement":[{"@type":"ListItem","position":1,"name":"Accueil","item":"https:\/\/www.abclogistique.com\/en\/"},{"@type":"ListItem","position":2,"name":"ABC Logistique &#8211; Certificates"}]},{"@type":"WebSite","@id":"https:\/\/www.abclogistique.com\/#website","url":"https:\/\/www.abclogistique.com\/","name":"ABC Logistique","description":"","potentialAction":[{"@type":"SearchAction","target":{"@type":"EntryPoint","urlTemplate":"https:\/\/www.abclogistique.com\/?s={search_term_string}"},"query-input":"required name=search_term_string"}],"inLanguage":"en-EN"}]}},"_links":{"self":[{"href":"https:\/\/www.abclogistique.com\/en\/wp-json\/wp\/v2\/pages\/2086"}],"collection":[{"href":"https:\/\/www.abclogistique.com\/en\/wp-json\/wp\/v2\/pages"}],"about":[{"href":"https:\/\/www.abclogistique.com\/en\/wp-json\/wp\/v2\/types\/page"}],"author":[{"embeddable":true,"href":"https:\/\/www.abclogistique.com\/en\/wp-json\/wp\/v2\/users\/2"}],"replies":[{"embeddable":true,"href":"https:\/\/www.abclogistique.com\/en\/wp-json\/wp\/v2\/comments?post=2086"}],"version-history":[{"count":5,"href":"https:\/\/www.abclogistique.com\/en\/wp-json\/wp\/v2\/pages\/2086\/revisions"}],"predecessor-version":[{"id":2163,"href":"https:\/\/www.abclogistique.com\/en\/wp-json\/wp\/v2\/pages\/2086\/revisions\/2163"}],"wp:attachment":[{"href":"https:\/\/www.abclogistique.com\/en\/wp-json\/wp\/v2\/media?parent=2086"}],"curies":[{"name":"wp","href":"https:\/\/api.w.org\/{rel}","templated":true}]}}